{"id":465,"date":"2022-01-29T16:19:59","date_gmt":"2022-01-29T16:19:59","guid":{"rendered":"http:\/\/deel.quebec\/a-propos\/"},"modified":"2022-06-16T13:16:26","modified_gmt":"2022-06-16T13:16:26","slug":"about","status":"publish","type":"page","link":"https:\/\/deel.quebec\/en\/about\/","title":{"rendered":"About"},"content":{"rendered":"\r\n<div class=\"wp-block-columns is-layout-flex wp-container-2\">\r\n<div class=\"wp-block-column is-layout-flow\">\r\n<p><strong>The DEEL (<em>DEpendable and Explainable Learning<\/em>) project is a collaboration between academic and industrial partners for the development of interpretable, robust, secure and certifiable artificial intelligence applied to critical systems in the aerospace field.<\/strong><\/p>\r\n<p>Artificial intelligence technologies, especially Machine Learning, are attracting unprecedented interest. However, the integration of these approaches into industrial fields is faced with several major challenges, primarily the explainability of these systems. The DEEL project thus aims to improve the application of Machine Learning in order to respond to the complex problems of the aeronautical and space industries. These industries have high performance and security standards, and thus AI techniques must be rendered robust, understandable and offer a privacy guarantee so that they can obtain the certification necessary for their integration into critical systems.<\/p>\r\n<\/div>\r\n<div class=\"wp-block-column\"><\/div>\r\n<\/div>\r\n\r\n\r\n\r\n<div class=\"wp-block-columns is-layout-flex wp-container-5\">\r\n<div class=\"wp-block-column is-layout-flow\">\r\n<figure class=\"wp-block-image size-large\"><img decoding=\"async\" loading=\"lazy\" class=\"alignnone wp-image-192 size-large\" src=\"http:\/\/deel.quebec\/wp-content\/uploads\/2022\/04\/avion-ville-cc0-unsplash-1024x560.jpg\" alt=\"\" width=\"1024\" height=\"560\" srcset=\"https:\/\/deel.quebec\/wp-content\/uploads\/2022\/04\/avion-ville-cc0-unsplash-1024x560.jpg 1024w, https:\/\/deel.quebec\/wp-content\/uploads\/2022\/04\/avion-ville-cc0-unsplash-300x164.jpg 300w, https:\/\/deel.quebec\/wp-content\/uploads\/2022\/04\/avion-ville-cc0-unsplash-768x420.jpg 768w, https:\/\/deel.quebec\/wp-content\/uploads\/2022\/04\/avion-ville-cc0-unsplash.jpg 1280w\" sizes=\"(max-width: 1024px) 100vw, 1024px\" \/><\/figure>\r\n<\/div>\r\n\r\n\r\n\r\n<div class=\"wp-block-column is-layout-flow\">\r\n<p><strong>Research teams in Quebec and France are currently working on the development of this dependable, robust artificial intelligence.\u00a0<\/strong><\/p>\r\n<p>In France, the DEEL project has been overseen by the IRT Saint Exup\u00e9ry team in Toulouse since the project was launched, concomitant with the creation of several interdisciplinary institutes dedicated to artificial intelligence (3IA) including the Artificial and Natural Intelligence Toulouse Institute (ANITI) led by the Federal University of Toulouse-Midi-Pyrenees.<\/p>\r\n<p>In the province of Quebec, the DEEL-Quebec project is led by the Consortium for Research and Innovation in Aerospace in Quebec (CRIAQ) and Institute Intelligence and Data (IID) at Universit\u00e9 Laval, with the collaboration of the Data Valorization Institute (IVADO). Collaborations are planned with Thales Canada, CAE, Bombardier Aerospace and Bell Helicopter Textron Canada, as well as with McGill University, Universit\u00e9 Laval, Polytechnique Montr\u00e9al, Universit\u00e9 du Qu\u00e9bec \u00e0 Montr\u00e9al and Universit\u00e9 de Montr\u00e9al.<\/p>\r\n<p>Researchers associated with the DEEL project have been active since September 28, 2018 in France, and since May 15, 2019 in Quebec, following a transatlantic agreement. The Quebec component was officially launched on September 14, 2020.\u00a0<\/p>\r\n<\/div>\r\n<\/div>\r\n","protected":false},"excerpt":{"rendered":"The DEEL (DEpendable and Explainable Learning) project is a collaboration between academic and industrial partners","protected":false},"author":2,"featured_media":0,"parent":0,"menu_order":6,"comment_status":"closed","ping_status":"closed","template":"page-presentation.php","meta":[],"_links":{"self":[{"href":"https:\/\/deel.quebec\/en\/wp-json\/wp\/v2\/pages\/465"}],"collection":[{"href":"https:\/\/deel.quebec\/en\/wp-json\/wp\/v2\/pages"}],"about":[{"href":"https:\/\/deel.quebec\/en\/wp-json\/wp\/v2\/types\/page"}],"author":[{"embeddable":true,"href":"https:\/\/deel.quebec\/en\/wp-json\/wp\/v2\/users\/2"}],"replies":[{"embeddable":true,"href":"https:\/\/deel.quebec\/en\/wp-json\/wp\/v2\/comments?post=465"}],"version-history":[{"count":2,"href":"https:\/\/deel.quebec\/en\/wp-json\/wp\/v2\/pages\/465\/revisions"}],"predecessor-version":[{"id":467,"href":"https:\/\/deel.quebec\/en\/wp-json\/wp\/v2\/pages\/465\/revisions\/467"}],"wp:attachment":[{"href":"https:\/\/deel.quebec\/en\/wp-json\/wp\/v2\/media?parent=465"}],"curies":[{"name":"wp","href":"https:\/\/api.w.org\/{rel}","templated":true}]}}